{"id":6817,"date":"2021-09-14T14:48:01","date_gmt":"2021-09-14T07:48:01","guid":{"rendered":"https:\/\/jimmys.vn\/?post_type=product&#038;p=6817"},"modified":"2024-01-17T12:27:10","modified_gmt":"2024-01-17T05:27:10","slug":"hawaiian-12","status":"publish","type":"product","link":"https:\/\/www.jimmys.vn\/vi\/san-pham\/hawaiian-12\/","title":{"rendered":"Hawaiian &#8211; 12&#8243;"},"content":{"rendered":"<p style=\"text-align: center;\">\u00a0Pizza Hawaiian c\u1ed5 \u0111i\u1ec3n \u0111\u01b0\u1ee3c l\u00e0m t\u1eeb gi\u0103m b\u00f4ng, ba r\u1ecdi x\u00f4ng kh\u00f3i v\u00e0 qu\u1ea3 d\u1ee9a t\u01b0\u01a1i<\/p>","protected":false},"excerpt":{"rendered":"<p>Pizza Hawaii v\u1edbi th\u1ecbt ngu\u1ed9i, th\u1ecbt x\u00f4ng kh\u00f3i v\u00e0 d\u1ee9a t\u01b0\u01a1i<\/p>","protected":false},"featured_media":26926,"comment_status":"closed","ping_status":"closed","template":"","meta":{"wds_primary_product_cat":0},"product_cat":[98],"product_tag":[],"class_list":{"0":"post-6817","1":"product","2":"type-product","3":"status-publish","4":"has-post-thumbnail","6":"product_cat-medium","8":"first","9":"instock","10":"taxable","11":"shipping-taxable","12":"purchasable","13":"product-type-simple"},"_links":{"self":[{"href":"https:\/\/www.jimmys.vn\/vi\/wp-json\/wp\/v2\/product\/6817"}],"collection":[{"href":"https:\/\/www.jimmys.vn\/vi\/wp-json\/wp\/v2\/product"}],"about":[{"href":"https:\/\/www.jimmys.vn\/vi\/wp-json\/wp\/v2\/types\/product"}],"replies":[{"embeddable":true,"href":"https:\/\/www.jimmys.vn\/vi\/wp-json\/wp\/v2\/comments?post=6817"}],"version-history":[{"count":2,"href":"https:\/\/www.jimmys.vn\/vi\/wp-json\/wp\/v2\/product\/6817\/revisions"}],"predecessor-version":[{"id":26922,"href":"https:\/\/www.jimmys.vn\/vi\/wp-json\/wp\/v2\/product\/6817\/revisions\/26922"}],"wp:featuredmedia":[{"embeddable":true,"href":"https:\/\/www.jimmys.vn\/vi\/wp-json\/wp\/v2\/media\/26926"}],"wp:attachment":[{"href":"https:\/\/www.jimmys.vn\/vi\/wp-json\/wp\/v2\/media?parent=6817"}],"wp:term":[{"taxonomy":"product_cat","embeddable":true,"href":"https:\/\/www.jimmys.vn\/vi\/wp-json\/wp\/v2\/product_cat?post=6817"},{"taxonomy":"product_tag","embeddable":true,"href":"https:\/\/www.jimmys.vn\/vi\/wp-json\/wp\/v2\/product_tag?post=6817"}],"curies":[{"name":"wp","href":"https:\/\/api.w.org\/{rel}","templated":true}]}}