{"id":6816,"date":"2021-09-14T14:48:00","date_gmt":"2021-09-14T07:48:00","guid":{"rendered":"https:\/\/jimmys.vn\/?post_type=product&#038;p=6816"},"modified":"2024-01-17T10:10:30","modified_gmt":"2024-01-17T03:10:30","slug":"pepperoni-12","status":"publish","type":"product","link":"https:\/\/www.jimmys.vn\/vi\/san-pham\/pepperoni-12\/","title":{"rendered":"Pepperoni &#8211; 12&#8243;"},"content":{"rendered":"<p style=\"text-align: center;\">\u0110\u01b0\u1ee3c l\u00e0m t\u1eeb x\u00fac x\u00edch nh\u00e0 l\u00e0m th\u01a1m ngon<\/p>","protected":false},"excerpt":{"rendered":"<p>A delicious version of the classic pepperoni pizza<\/p>","protected":false},"featured_media":26911,"comment_status":"closed","ping_status":"closed","template":"","meta":{"wds_primary_product_cat":0},"product_cat":[98],"product_tag":[],"class_list":{"0":"post-6816","1":"product","2":"type-product","3":"status-publish","4":"has-post-thumbnail","6":"product_cat-medium","8":"first","9":"instock","10":"taxable","11":"shipping-taxable","12":"purchasable","13":"product-type-simple"},"_links":{"self":[{"href":"https:\/\/www.jimmys.vn\/vi\/wp-json\/wp\/v2\/product\/6816"}],"collection":[{"href":"https:\/\/www.jimmys.vn\/vi\/wp-json\/wp\/v2\/product"}],"about":[{"href":"https:\/\/www.jimmys.vn\/vi\/wp-json\/wp\/v2\/types\/product"}],"replies":[{"embeddable":true,"href":"https:\/\/www.jimmys.vn\/vi\/wp-json\/wp\/v2\/comments?post=6816"}],"version-history":[{"count":1,"href":"https:\/\/www.jimmys.vn\/vi\/wp-json\/wp\/v2\/product\/6816\/revisions"}],"predecessor-version":[{"id":26836,"href":"https:\/\/www.jimmys.vn\/vi\/wp-json\/wp\/v2\/product\/6816\/revisions\/26836"}],"wp:featuredmedia":[{"embeddable":true,"href":"https:\/\/www.jimmys.vn\/vi\/wp-json\/wp\/v2\/media\/26911"}],"wp:attachment":[{"href":"https:\/\/www.jimmys.vn\/vi\/wp-json\/wp\/v2\/media?parent=6816"}],"wp:term":[{"taxonomy":"product_cat","embeddable":true,"href":"https:\/\/www.jimmys.vn\/vi\/wp-json\/wp\/v2\/product_cat?post=6816"},{"taxonomy":"product_tag","embeddable":true,"href":"https:\/\/www.jimmys.vn\/vi\/wp-json\/wp\/v2\/product_tag?post=6816"}],"curies":[{"name":"wp","href":"https:\/\/api.w.org\/{rel}","templated":true}]}}