{"id":6815,"date":"2021-09-14T14:48:00","date_gmt":"2021-09-14T07:48:00","guid":{"rendered":"https:\/\/jimmys.vn\/?post_type=product&#038;p=6815"},"modified":"2024-01-17T10:10:51","modified_gmt":"2024-01-17T03:10:51","slug":"pepperoni-and-sausage-pizza-12","status":"publish","type":"product","link":"https:\/\/www.jimmys.vn\/vi\/san-pham\/pepperoni-and-sausage-pizza-12\/","title":{"rendered":"Pepperoni And Sausage Pizza 12&#8243;"},"content":{"rendered":"<p style=\"text-align: center;\">S\u1ef1 k\u1ebft h\u1ee3p \u0111\u1ed9c \u0111\u00e1o tuy\u1ec7t v\u1eddi gi\u1eefa v\u1ecb x\u00f4ng kh\u00f3i v\u00e0 v\u1ecb cay.<\/p>","protected":false},"excerpt":{"rendered":"<p style=\"text-align: center;\">This pizza has a uniquely amazing combination of smoky and spicy flavors using our gourmet toppings<\/p>","protected":false},"featured_media":26919,"comment_status":"closed","ping_status":"closed","template":"","meta":{"wds_primary_product_cat":0},"product_cat":[98],"product_tag":[],"class_list":{"0":"post-6815","1":"product","2":"type-product","3":"status-publish","4":"has-post-thumbnail","6":"product_cat-medium","8":"first","9":"instock","10":"taxable","11":"shipping-taxable","12":"purchasable","13":"product-type-simple"},"_links":{"self":[{"href":"https:\/\/www.jimmys.vn\/vi\/wp-json\/wp\/v2\/product\/6815"}],"collection":[{"href":"https:\/\/www.jimmys.vn\/vi\/wp-json\/wp\/v2\/product"}],"about":[{"href":"https:\/\/www.jimmys.vn\/vi\/wp-json\/wp\/v2\/types\/product"}],"replies":[{"embeddable":true,"href":"https:\/\/www.jimmys.vn\/vi\/wp-json\/wp\/v2\/comments?post=6815"}],"version-history":[{"count":3,"href":"https:\/\/www.jimmys.vn\/vi\/wp-json\/wp\/v2\/product\/6815\/revisions"}],"predecessor-version":[{"id":26923,"href":"https:\/\/www.jimmys.vn\/vi\/wp-json\/wp\/v2\/product\/6815\/revisions\/26923"}],"wp:featuredmedia":[{"embeddable":true,"href":"https:\/\/www.jimmys.vn\/vi\/wp-json\/wp\/v2\/media\/26919"}],"wp:attachment":[{"href":"https:\/\/www.jimmys.vn\/vi\/wp-json\/wp\/v2\/media?parent=6815"}],"wp:term":[{"taxonomy":"product_cat","embeddable":true,"href":"https:\/\/www.jimmys.vn\/vi\/wp-json\/wp\/v2\/product_cat?post=6815"},{"taxonomy":"product_tag","embeddable":true,"href":"https:\/\/www.jimmys.vn\/vi\/wp-json\/wp\/v2\/product_tag?post=6815"}],"curies":[{"name":"wp","href":"https:\/\/api.w.org\/{rel}","templated":true}]}}