{"id":6814,"date":"2021-09-14T14:47:59","date_gmt":"2021-09-14T07:47:59","guid":{"rendered":"https:\/\/jimmys.vn\/?post_type=product&#038;p=6814"},"modified":"2024-01-17T10:11:06","modified_gmt":"2024-01-17T03:11:06","slug":"sausage-12","status":"publish","type":"product","link":"https:\/\/www.jimmys.vn\/vi\/san-pham\/sausage-12\/","title":{"rendered":"Sausage &#8211; 12&#8243;"},"content":{"rendered":"<p style=\"text-align: center;\">Th\u01b0\u1edfng th\u1ee9c h\u01b0\u01a1ng v\u1ecb h\u1ea5p d\u1eabn c\u1ee7a x\u00fac x\u00edch \u00dd cay th\u01a1m ngon nh\u00e0 l\u00e0m<\/p>","protected":false},"excerpt":{"rendered":"<p>Savor the sensational flavor of this spicy Italian sausage pizza<\/p>","protected":false},"featured_media":26910,"comment_status":"closed","ping_status":"closed","template":"","meta":{"wds_primary_product_cat":0},"product_cat":[98],"product_tag":[],"class_list":{"0":"post-6814","1":"product","2":"type-product","3":"status-publish","4":"has-post-thumbnail","6":"product_cat-medium","8":"first","9":"instock","10":"taxable","11":"shipping-taxable","12":"purchasable","13":"product-type-simple"},"_links":{"self":[{"href":"https:\/\/www.jimmys.vn\/vi\/wp-json\/wp\/v2\/product\/6814"}],"collection":[{"href":"https:\/\/www.jimmys.vn\/vi\/wp-json\/wp\/v2\/product"}],"about":[{"href":"https:\/\/www.jimmys.vn\/vi\/wp-json\/wp\/v2\/types\/product"}],"replies":[{"embeddable":true,"href":"https:\/\/www.jimmys.vn\/vi\/wp-json\/wp\/v2\/comments?post=6814"}],"version-history":[{"count":1,"href":"https:\/\/www.jimmys.vn\/vi\/wp-json\/wp\/v2\/product\/6814\/revisions"}],"predecessor-version":[{"id":26837,"href":"https:\/\/www.jimmys.vn\/vi\/wp-json\/wp\/v2\/product\/6814\/revisions\/26837"}],"wp:featuredmedia":[{"embeddable":true,"href":"https:\/\/www.jimmys.vn\/vi\/wp-json\/wp\/v2\/media\/26910"}],"wp:attachment":[{"href":"https:\/\/www.jimmys.vn\/vi\/wp-json\/wp\/v2\/media?parent=6814"}],"wp:term":[{"taxonomy":"product_cat","embeddable":true,"href":"https:\/\/www.jimmys.vn\/vi\/wp-json\/wp\/v2\/product_cat?post=6814"},{"taxonomy":"product_tag","embeddable":true,"href":"https:\/\/www.jimmys.vn\/vi\/wp-json\/wp\/v2\/product_tag?post=6814"}],"curies":[{"name":"wp","href":"https:\/\/api.w.org\/{rel}","templated":true}]}}