{"id":6812,"date":"2021-09-14T14:47:58","date_gmt":"2021-09-14T07:47:58","guid":{"rendered":"https:\/\/jimmys.vn\/?post_type=product&#038;p=6812"},"modified":"2024-01-17T10:13:22","modified_gmt":"2024-01-17T03:13:22","slug":"supreme-12","status":"publish","type":"product","link":"https:\/\/www.jimmys.vn\/vi\/san-pham\/supreme-12\/","title":{"rendered":"Supreme &#8211; 12&#8243;"},"content":{"rendered":"<p style=\"text-align: center;\">A whopping 8 toppings: pepperoni, sausage, beef, bacon, green peppers, onions, mushrooms and black olives<\/p>","protected":false},"excerpt":{"rendered":"<p style=\"text-align: center;\">S\u1ef1 k\u1ebft h\u1ee3p gi\u1eefa 8 lo\u1ea1i topping: x\u00fac x\u00edch kh\u00f4, x\u00fac x\u00edch, th\u1ecbt b\u00f2, ba r\u1ecdi x\u00f4ng kh\u00f3i, \u1edbt chu\u00f4ng xanh, h\u00e0nh t\u00e2y t\u00edm, n\u1ea5m v\u00e0 qu\u1ea3 \u00f4 liu \u0111en<\/p>","protected":false},"featured_media":26920,"comment_status":"closed","ping_status":"closed","template":"","meta":{"wds_primary_product_cat":0},"product_cat":[98],"product_tag":[],"class_list":{"0":"post-6812","1":"product","2":"type-product","3":"status-publish","4":"has-post-thumbnail","6":"product_cat-medium","8":"first","9":"instock","10":"taxable","11":"shipping-taxable","12":"purchasable","13":"product-type-simple"},"_links":{"self":[{"href":"https:\/\/www.jimmys.vn\/vi\/wp-json\/wp\/v2\/product\/6812"}],"collection":[{"href":"https:\/\/www.jimmys.vn\/vi\/wp-json\/wp\/v2\/product"}],"about":[{"href":"https:\/\/www.jimmys.vn\/vi\/wp-json\/wp\/v2\/types\/product"}],"replies":[{"embeddable":true,"href":"https:\/\/www.jimmys.vn\/vi\/wp-json\/wp\/v2\/comments?post=6812"}],"version-history":[{"count":2,"href":"https:\/\/www.jimmys.vn\/vi\/wp-json\/wp\/v2\/product\/6812\/revisions"}],"predecessor-version":[{"id":26924,"href":"https:\/\/www.jimmys.vn\/vi\/wp-json\/wp\/v2\/product\/6812\/revisions\/26924"}],"wp:featuredmedia":[{"embeddable":true,"href":"https:\/\/www.jimmys.vn\/vi\/wp-json\/wp\/v2\/media\/26920"}],"wp:attachment":[{"href":"https:\/\/www.jimmys.vn\/vi\/wp-json\/wp\/v2\/media?parent=6812"}],"wp:term":[{"taxonomy":"product_cat","embeddable":true,"href":"https:\/\/www.jimmys.vn\/vi\/wp-json\/wp\/v2\/product_cat?post=6812"},{"taxonomy":"product_tag","embeddable":true,"href":"https:\/\/www.jimmys.vn\/vi\/wp-json\/wp\/v2\/product_tag?post=6812"}],"curies":[{"name":"wp","href":"https:\/\/api.w.org\/{rel}","templated":true}]}}