{"id":4921,"date":"2021-07-28T12:01:20","date_gmt":"2021-07-28T05:01:20","guid":{"rendered":"https:\/\/34.87.99.63\/?post_type=product&#038;p=4921"},"modified":"2021-10-08T16:20:24","modified_gmt":"2021-10-08T09:20:24","slug":"inferno-8","status":"publish","type":"product","link":"https:\/\/www.jimmys.vn\/vi\/san-pham\/inferno-8\/","title":{"rendered":"Inferno (Frozen)"},"content":{"rendered":"<p style=\"text-align: center;\">Bao g\u1ed3m x\u00fac x\u00edch kh\u00f4, x\u00fac x\u00edch, n\u1ea5m, oliu \u0111en, \u1edbt t\u01b0\u01a1i, \u1edbt kh\u00f4, d\u1ea7u \u1edbt<\/p>","protected":false},"excerpt":{"rendered":"<p>Bao g\u1ed3m x\u00fac x\u00edch kh\u00f4, x\u00fac x\u00edch, n\u1ea5m, oliu \u0111en, \u1edbt t\u01b0\u01a1i, \u1edbt kh\u00f4, d\u1ea7u \u1edbt<\/p>","protected":false},"featured_media":6232,"comment_status":"open","ping_status":"closed","template":"","meta":{"wds_primary_product_cat":0},"product_cat":[69],"product_tag":[],"class_list":{"0":"post-4921","1":"product","2":"type-product","3":"status-publish","4":"has-post-thumbnail","6":"product_cat-frozen","8":"first","9":"instock","10":"taxable","11":"shipping-taxable","12":"purchasable","13":"product-type-simple"},"_links":{"self":[{"href":"https:\/\/www.jimmys.vn\/vi\/wp-json\/wp\/v2\/product\/4921"}],"collection":[{"href":"https:\/\/www.jimmys.vn\/vi\/wp-json\/wp\/v2\/product"}],"about":[{"href":"https:\/\/www.jimmys.vn\/vi\/wp-json\/wp\/v2\/types\/product"}],"replies":[{"embeddable":true,"href":"https:\/\/www.jimmys.vn\/vi\/wp-json\/wp\/v2\/comments?post=4921"}],"version-history":[{"count":0,"href":"https:\/\/www.jimmys.vn\/vi\/wp-json\/wp\/v2\/product\/4921\/revisions"}],"wp:featuredmedia":[{"embeddable":true,"href":"https:\/\/www.jimmys.vn\/vi\/wp-json\/wp\/v2\/media\/6232"}],"wp:attachment":[{"href":"https:\/\/www.jimmys.vn\/vi\/wp-json\/wp\/v2\/media?parent=4921"}],"wp:term":[{"taxonomy":"product_cat","embeddable":true,"href":"https:\/\/www.jimmys.vn\/vi\/wp-json\/wp\/v2\/product_cat?post=4921"},{"taxonomy":"product_tag","embeddable":true,"href":"https:\/\/www.jimmys.vn\/vi\/wp-json\/wp\/v2\/product_tag?post=4921"}],"curies":[{"name":"wp","href":"https:\/\/api.w.org\/{rel}","templated":true}]}}