{"id":4917,"date":"2021-07-28T11:54:11","date_gmt":"2021-07-28T04:54:11","guid":{"rendered":"https:\/\/34.87.99.63\/?post_type=product&#038;p=4917"},"modified":"2021-10-08T16:32:08","modified_gmt":"2021-10-08T09:32:08","slug":"sausage","status":"publish","type":"product","link":"https:\/\/www.jimmys.vn\/vi\/san-pham\/sausage\/","title":{"rendered":"Sausage (Frozen)"},"content":{"rendered":"<p style=\"text-align: center;\">Th\u01b0\u1edfng th\u1ee9c h\u01b0\u01a1ng v\u1ecb h\u1ea5p d\u1eabn c\u1ee7a x\u00fac x\u00edch \u00dd cay th\u01a1m ngon nh\u00e0 l\u00e0m<\/p>","protected":false},"excerpt":{"rendered":"<p style=\"text-align: center;\">Th\u01b0\u1edfng th\u1ee9c h\u01b0\u01a1ng v\u1ecb h\u1ea5p d\u1eabn c\u1ee7a x\u00fac x\u00edch \u00dd cay th\u01a1m ngon nh\u00e0 l\u00e0m<\/p>","protected":false},"featured_media":6229,"comment_status":"open","ping_status":"closed","template":"","meta":{"wds_primary_product_cat":0},"product_cat":[69],"product_tag":[],"class_list":{"0":"post-4917","1":"product","2":"type-product","3":"status-publish","4":"has-post-thumbnail","6":"product_cat-frozen","8":"first","9":"instock","10":"taxable","11":"shipping-taxable","12":"purchasable","13":"product-type-simple"},"_links":{"self":[{"href":"https:\/\/www.jimmys.vn\/vi\/wp-json\/wp\/v2\/product\/4917"}],"collection":[{"href":"https:\/\/www.jimmys.vn\/vi\/wp-json\/wp\/v2\/product"}],"about":[{"href":"https:\/\/www.jimmys.vn\/vi\/wp-json\/wp\/v2\/types\/product"}],"replies":[{"embeddable":true,"href":"https:\/\/www.jimmys.vn\/vi\/wp-json\/wp\/v2\/comments?post=4917"}],"version-history":[{"count":1,"href":"https:\/\/www.jimmys.vn\/vi\/wp-json\/wp\/v2\/product\/4917\/revisions"}],"predecessor-version":[{"id":8224,"href":"https:\/\/www.jimmys.vn\/vi\/wp-json\/wp\/v2\/product\/4917\/revisions\/8224"}],"wp:featuredmedia":[{"embeddable":true,"href":"https:\/\/www.jimmys.vn\/vi\/wp-json\/wp\/v2\/media\/6229"}],"wp:attachment":[{"href":"https:\/\/www.jimmys.vn\/vi\/wp-json\/wp\/v2\/media?parent=4917"}],"wp:term":[{"taxonomy":"product_cat","embeddable":true,"href":"https:\/\/www.jimmys.vn\/vi\/wp-json\/wp\/v2\/product_cat?post=4917"},{"taxonomy":"product_tag","embeddable":true,"href":"https:\/\/www.jimmys.vn\/vi\/wp-json\/wp\/v2\/product_tag?post=4917"}],"curies":[{"name":"wp","href":"https:\/\/api.w.org\/{rel}","templated":true}]}}