{"id":4914,"date":"2021-07-28T11:52:39","date_gmt":"2021-07-28T04:52:39","guid":{"rendered":"https:\/\/34.87.99.63\/?post_type=product&#038;p=4914"},"modified":"2021-10-08T16:18:52","modified_gmt":"2021-10-08T09:18:52","slug":"pepperoni-8","status":"publish","type":"product","link":"https:\/\/www.jimmys.vn\/vi\/san-pham\/pepperoni-8\/","title":{"rendered":"Pepperoni (Frozen)"},"content":{"rendered":"<p style=\"text-align: center;\">\u0110\u01b0\u1ee3c l\u00e0m t\u1eeb x\u00fac x\u00edch nh\u00e0 l\u00e0m th\u01a1m ngon<\/p>","protected":false},"excerpt":{"rendered":"<p style=\"text-align: center;\">\u0110\u01b0\u1ee3c l\u00e0m t\u1eeb x\u00fac x\u00edch nh\u00e0 l\u00e0m th\u01a1m ngon<\/p>","protected":false},"featured_media":6230,"comment_status":"open","ping_status":"closed","template":"","meta":{"wds_primary_product_cat":0},"product_cat":[69],"product_tag":[],"class_list":{"0":"post-4914","1":"product","2":"type-product","3":"status-publish","4":"has-post-thumbnail","6":"product_cat-frozen","8":"first","9":"instock","10":"taxable","11":"shipping-taxable","12":"purchasable","13":"product-type-simple"},"_links":{"self":[{"href":"https:\/\/www.jimmys.vn\/vi\/wp-json\/wp\/v2\/product\/4914"}],"collection":[{"href":"https:\/\/www.jimmys.vn\/vi\/wp-json\/wp\/v2\/product"}],"about":[{"href":"https:\/\/www.jimmys.vn\/vi\/wp-json\/wp\/v2\/types\/product"}],"replies":[{"embeddable":true,"href":"https:\/\/www.jimmys.vn\/vi\/wp-json\/wp\/v2\/comments?post=4914"}],"version-history":[{"count":0,"href":"https:\/\/www.jimmys.vn\/vi\/wp-json\/wp\/v2\/product\/4914\/revisions"}],"wp:featuredmedia":[{"embeddable":true,"href":"https:\/\/www.jimmys.vn\/vi\/wp-json\/wp\/v2\/media\/6230"}],"wp:attachment":[{"href":"https:\/\/www.jimmys.vn\/vi\/wp-json\/wp\/v2\/media?parent=4914"}],"wp:term":[{"taxonomy":"product_cat","embeddable":true,"href":"https:\/\/www.jimmys.vn\/vi\/wp-json\/wp\/v2\/product_cat?post=4914"},{"taxonomy":"product_tag","embeddable":true,"href":"https:\/\/www.jimmys.vn\/vi\/wp-json\/wp\/v2\/product_tag?post=4914"}],"curies":[{"name":"wp","href":"https:\/\/api.w.org\/{rel}","templated":true}]}}