{"id":4913,"date":"2021-07-28T11:51:49","date_gmt":"2021-07-28T04:51:49","guid":{"rendered":"https:\/\/34.87.99.63\/?post_type=product&#038;p=4913"},"modified":"2021-10-08T16:28:54","modified_gmt":"2021-10-08T09:28:54","slug":"hawaiian-8","status":"publish","type":"product","link":"https:\/\/www.jimmys.vn\/vi\/san-pham\/hawaiian-8\/","title":{"rendered":"Hawaiian (Frozen)"},"content":{"rendered":"<p style=\"text-align: center;\">Pizza Hawaii v\u1edbi th\u1ecbt ngu\u1ed9i, th\u1ecbt x\u00f4ng kh\u00f3i v\u00e0 d\u1ee9a t\u01b0\u01a1i<\/p>","protected":false},"excerpt":{"rendered":"<p style=\"text-align: center;\">Pizza Hawaii v\u1edbi th\u1ecbt ngu\u1ed9i, th\u1ecbt x\u00f4ng kh\u00f3i v\u00e0 d\u1ee9a t\u01b0\u01a1i<\/p>","protected":false},"featured_media":6233,"comment_status":"open","ping_status":"closed","template":"","meta":{"wds_primary_product_cat":0},"product_cat":[69],"product_tag":[],"class_list":{"0":"post-4913","1":"product","2":"type-product","3":"status-publish","4":"has-post-thumbnail","6":"product_cat-frozen","8":"first","9":"instock","10":"taxable","11":"shipping-taxable","12":"purchasable","13":"product-type-simple"},"_links":{"self":[{"href":"https:\/\/www.jimmys.vn\/vi\/wp-json\/wp\/v2\/product\/4913"}],"collection":[{"href":"https:\/\/www.jimmys.vn\/vi\/wp-json\/wp\/v2\/product"}],"about":[{"href":"https:\/\/www.jimmys.vn\/vi\/wp-json\/wp\/v2\/types\/product"}],"replies":[{"embeddable":true,"href":"https:\/\/www.jimmys.vn\/vi\/wp-json\/wp\/v2\/comments?post=4913"}],"version-history":[{"count":1,"href":"https:\/\/www.jimmys.vn\/vi\/wp-json\/wp\/v2\/product\/4913\/revisions"}],"predecessor-version":[{"id":8223,"href":"https:\/\/www.jimmys.vn\/vi\/wp-json\/wp\/v2\/product\/4913\/revisions\/8223"}],"wp:featuredmedia":[{"embeddable":true,"href":"https:\/\/www.jimmys.vn\/vi\/wp-json\/wp\/v2\/media\/6233"}],"wp:attachment":[{"href":"https:\/\/www.jimmys.vn\/vi\/wp-json\/wp\/v2\/media?parent=4913"}],"wp:term":[{"taxonomy":"product_cat","embeddable":true,"href":"https:\/\/www.jimmys.vn\/vi\/wp-json\/wp\/v2\/product_cat?post=4913"},{"taxonomy":"product_tag","embeddable":true,"href":"https:\/\/www.jimmys.vn\/vi\/wp-json\/wp\/v2\/product_tag?post=4913"}],"curies":[{"name":"wp","href":"https:\/\/api.w.org\/{rel}","templated":true}]}}