{"id":4912,"date":"2021-07-28T11:50:06","date_gmt":"2021-07-28T04:50:06","guid":{"rendered":"https:\/\/34.87.99.63\/?post_type=product&#038;p=4912"},"modified":"2024-09-06T02:14:22","modified_gmt":"2024-09-05T19:14:22","slug":"bbq-chicken-8","status":"publish","type":"product","link":"https:\/\/www.jimmys.vn\/vi\/san-pham\/bbq-chicken-8\/","title":{"rendered":"BBQ Chicken (Frozen)"},"content":{"rendered":"<p style=\"text-align: center;\">\u0110\u01b0\u1ee3c l\u00e0m t\u1eeb s\u1ed1t BBQ hun kh\u00f3i k\u1ebft h\u1ee3p v\u1edbi th\u1ecbt g\u00e0, ba r\u1ecdi x\u00f4ng kh\u00f3i, \u1edbt chu\u00f4ng xanh v\u00e0 h\u00e0nh t\u00e2y t\u00edm.<\/p>","protected":false},"excerpt":{"rendered":"<p style=\"text-align: center;\">\u0110\u01b0\u1ee3c l\u00e0m t\u1eeb s\u1ed1t BBQ hun kh\u00f3i k\u1ebft h\u1ee3p v\u1edbi th\u1ecbt g\u00e0, ba r\u1ecdi x\u00f4ng kh\u00f3i, \u1edbt chu\u00f4ng xanh v\u00e0 h\u00e0nh t\u00e2y t\u00edm.<\/p>","protected":false},"featured_media":6235,"comment_status":"open","ping_status":"closed","template":"","meta":{"wds_primary_product_cat":0},"product_cat":[69],"product_tag":[],"class_list":{"0":"post-4912","1":"product","2":"type-product","3":"status-publish","4":"has-post-thumbnail","6":"product_cat-frozen","8":"first","9":"instock","10":"taxable","11":"shipping-taxable","12":"purchasable","13":"product-type-simple"},"_links":{"self":[{"href":"https:\/\/www.jimmys.vn\/vi\/wp-json\/wp\/v2\/product\/4912"}],"collection":[{"href":"https:\/\/www.jimmys.vn\/vi\/wp-json\/wp\/v2\/product"}],"about":[{"href":"https:\/\/www.jimmys.vn\/vi\/wp-json\/wp\/v2\/types\/product"}],"replies":[{"embeddable":true,"href":"https:\/\/www.jimmys.vn\/vi\/wp-json\/wp\/v2\/comments?post=4912"}],"version-history":[{"count":0,"href":"https:\/\/www.jimmys.vn\/vi\/wp-json\/wp\/v2\/product\/4912\/revisions"}],"wp:featuredmedia":[{"embeddable":true,"href":"https:\/\/www.jimmys.vn\/vi\/wp-json\/wp\/v2\/media\/6235"}],"wp:attachment":[{"href":"https:\/\/www.jimmys.vn\/vi\/wp-json\/wp\/v2\/media?parent=4912"}],"wp:term":[{"taxonomy":"product_cat","embeddable":true,"href":"https:\/\/www.jimmys.vn\/vi\/wp-json\/wp\/v2\/product_cat?post=4912"},{"taxonomy":"product_tag","embeddable":true,"href":"https:\/\/www.jimmys.vn\/vi\/wp-json\/wp\/v2\/product_tag?post=4912"}],"curies":[{"name":"wp","href":"https:\/\/api.w.org\/{rel}","templated":true}]}}