{"id":4911,"date":"2021-07-28T11:48:35","date_gmt":"2021-07-28T04:48:35","guid":{"rendered":"https:\/\/34.87.99.63\/?post_type=product&#038;p=4911"},"modified":"2025-01-27T16:34:36","modified_gmt":"2025-01-27T09:34:36","slug":"4-meat-8","status":"publish","type":"product","link":"https:\/\/www.jimmys.vn\/vi\/san-pham\/4-meat-8\/","title":{"rendered":"4 Meat (Frozen)"},"content":{"rendered":"<p style=\"text-align: center;\">Th\u1ecbt b\u00f2, ba r\u1ecdi x\u00f4ng kh\u00f3i, x\u00fac x\u00edch kh\u00f4 v\u00e0 x\u00fac x\u00edch. \u0110\u00e2y l\u00e0 1 trong nh\u1eefng lo\u1ea1i pizza \u0111\u01b0\u1ee3c y\u00eau th\u00edch nh\u1ea5t c\u1ee7a c\u1eeda h\u00e0ng<\/p>","protected":false},"excerpt":{"rendered":"<p style=\"text-align: center;\">Th\u1ecbt b\u00f2, ba r\u1ecdi x\u00f4ng kh\u00f3i, x\u00fac x\u00edch kh\u00f4 v\u00e0 x\u00fac x\u00edch. \u0110\u00e2y l\u00e0 1 trong nh\u1eefng lo\u1ea1i pizza \u0111\u01b0\u1ee3c y\u00eau th\u00edch nh\u1ea5t c\u1ee7a c\u1eeda h\u00e0ng<\/p>","protected":false},"featured_media":6236,"comment_status":"open","ping_status":"closed","template":"","meta":{"wds_primary_product_cat":0},"product_cat":[69],"product_tag":[],"class_list":{"0":"post-4911","1":"product","2":"type-product","3":"status-publish","4":"has-post-thumbnail","6":"product_cat-frozen","8":"first","9":"instock","10":"taxable","11":"shipping-taxable","12":"purchasable","13":"product-type-simple"},"_links":{"self":[{"href":"https:\/\/www.jimmys.vn\/vi\/wp-json\/wp\/v2\/product\/4911"}],"collection":[{"href":"https:\/\/www.jimmys.vn\/vi\/wp-json\/wp\/v2\/product"}],"about":[{"href":"https:\/\/www.jimmys.vn\/vi\/wp-json\/wp\/v2\/types\/product"}],"replies":[{"embeddable":true,"href":"https:\/\/www.jimmys.vn\/vi\/wp-json\/wp\/v2\/comments?post=4911"}],"version-history":[{"count":0,"href":"https:\/\/www.jimmys.vn\/vi\/wp-json\/wp\/v2\/product\/4911\/revisions"}],"wp:featuredmedia":[{"embeddable":true,"href":"https:\/\/www.jimmys.vn\/vi\/wp-json\/wp\/v2\/media\/6236"}],"wp:attachment":[{"href":"https:\/\/www.jimmys.vn\/vi\/wp-json\/wp\/v2\/media?parent=4911"}],"wp:term":[{"taxonomy":"product_cat","embeddable":true,"href":"https:\/\/www.jimmys.vn\/vi\/wp-json\/wp\/v2\/product_cat?post=4911"},{"taxonomy":"product_tag","embeddable":true,"href":"https:\/\/www.jimmys.vn\/vi\/wp-json\/wp\/v2\/product_tag?post=4911"}],"curies":[{"name":"wp","href":"https:\/\/api.w.org\/{rel}","templated":true}]}}