{"id":4821,"date":"2021-07-24T18:09:49","date_gmt":"2021-07-24T11:09:49","guid":{"rendered":"https:\/\/34.87.99.63\/?post_type=product&#038;p=4821"},"modified":"2025-01-27T15:05:04","modified_gmt":"2025-01-27T08:05:04","slug":"sausage-pizza","status":"publish","type":"product","link":"https:\/\/www.jimmys.vn\/vi\/san-pham\/sausage-pizza\/","title":{"rendered":"Pizza X\u00fac x\u00edch"},"content":{"rendered":"<p style=\"text-align: center;\">Th\u01b0\u1edfng th\u1ee9c h\u01b0\u01a1ng v\u1ecb h\u1ea5p d\u1eabn c\u1ee7a x\u00fac x\u00edch \u00dd cay th\u01a1m ngon nh\u00e0 l\u00e0m<\/p>","protected":false},"excerpt":{"rendered":"<p style=\"text-align: center;\">Th\u01b0\u1edfng th\u1ee9c h\u01b0\u01a1ng v\u1ecb h\u1ea5p d\u1eabn c\u1ee7a x\u00fac x\u00edch \u00dd cay th\u01a1m ngon nh\u00e0 l\u00e0m<\/p>","protected":false},"featured_media":29614,"comment_status":"closed","ping_status":"closed","template":"","meta":{"wds_primary_product_cat":0},"product_cat":[32],"product_tag":[],"class_list":{"0":"post-4821","1":"product","2":"type-product","3":"status-publish","4":"has-post-thumbnail","6":"product_cat-pizza","7":"pa_choose-size-personal","8":"pa_choose-size-regular","9":"pa_choose-size-large","11":"first","12":"instock","13":"featured","14":"taxable","15":"shipping-taxable","16":"purchasable","17":"product-type-variable","18":"has-default-attributes"},"_links":{"self":[{"href":"https:\/\/www.jimmys.vn\/vi\/wp-json\/wp\/v2\/product\/4821"}],"collection":[{"href":"https:\/\/www.jimmys.vn\/vi\/wp-json\/wp\/v2\/product"}],"about":[{"href":"https:\/\/www.jimmys.vn\/vi\/wp-json\/wp\/v2\/types\/product"}],"replies":[{"embeddable":true,"href":"https:\/\/www.jimmys.vn\/vi\/wp-json\/wp\/v2\/comments?post=4821"}],"version-history":[{"count":3,"href":"https:\/\/www.jimmys.vn\/vi\/wp-json\/wp\/v2\/product\/4821\/revisions"}],"predecessor-version":[{"id":26822,"href":"https:\/\/www.jimmys.vn\/vi\/wp-json\/wp\/v2\/product\/4821\/revisions\/26822"}],"wp:featuredmedia":[{"embeddable":true,"href":"https:\/\/www.jimmys.vn\/vi\/wp-json\/wp\/v2\/media\/29614"}],"wp:attachment":[{"href":"https:\/\/www.jimmys.vn\/vi\/wp-json\/wp\/v2\/media?parent=4821"}],"wp:term":[{"taxonomy":"product_cat","embeddable":true,"href":"https:\/\/www.jimmys.vn\/vi\/wp-json\/wp\/v2\/product_cat?post=4821"},{"taxonomy":"product_tag","embeddable":true,"href":"https:\/\/www.jimmys.vn\/vi\/wp-json\/wp\/v2\/product_tag?post=4821"}],"curies":[{"name":"wp","href":"https:\/\/api.w.org\/{rel}","templated":true}]}}