{"id":4596,"date":"2021-07-01T10:53:33","date_gmt":"2021-07-01T03:53:33","guid":{"rendered":"https:\/\/34.87.99.63\/?post_type=product&#038;p=4596"},"modified":"2024-02-07T23:36:49","modified_gmt":"2024-02-07T16:36:49","slug":"chocolate-brownie","status":"publish","type":"product","link":"https:\/\/www.jimmys.vn\/vi\/san-pham\/chocolate-brownie\/","title":{"rendered":"B\u00e1nh Brownie S\u00f4 C\u00f4 La"},"content":{"rendered":"<p style=\"text-align: center;\">Brownie nh\u00e0 l\u00e0m, m\u1ec1m th\u01a1m ngon nh\u1edd s\u1ef1 k\u1ebft h\u1ee3p gi\u1eefa s\u00f4 c\u00f4 la v\u00e0 qu\u1ea3 \u00f3c ch\u00f3<\/p>","protected":false},"excerpt":{"rendered":"<p style=\"text-align: center;\">Brownie nh\u00e0 l\u00e0m, m\u1ec1m th\u01a1m ngon nh\u1edd s\u1ef1 k\u1ebft h\u1ee3p gi\u1eefa s\u00f4 c\u00f4 la v\u00e0 qu\u1ea3 \u00f3c ch\u00f3<\/p>","protected":false},"featured_media":8437,"comment_status":"closed","ping_status":"closed","template":"","meta":{"wds_primary_product_cat":0},"product_cat":[28],"product_tag":[],"class_list":{"0":"post-4596","1":"product","2":"type-product","3":"status-publish","4":"has-post-thumbnail","6":"product_cat-desserts","8":"first","9":"instock","10":"taxable","11":"shipping-taxable","12":"purchasable","13":"product-type-simple"},"_links":{"self":[{"href":"https:\/\/www.jimmys.vn\/vi\/wp-json\/wp\/v2\/product\/4596"}],"collection":[{"href":"https:\/\/www.jimmys.vn\/vi\/wp-json\/wp\/v2\/product"}],"about":[{"href":"https:\/\/www.jimmys.vn\/vi\/wp-json\/wp\/v2\/types\/product"}],"replies":[{"embeddable":true,"href":"https:\/\/www.jimmys.vn\/vi\/wp-json\/wp\/v2\/comments?post=4596"}],"version-history":[{"count":1,"href":"https:\/\/www.jimmys.vn\/vi\/wp-json\/wp\/v2\/product\/4596\/revisions"}],"predecessor-version":[{"id":26843,"href":"https:\/\/www.jimmys.vn\/vi\/wp-json\/wp\/v2\/product\/4596\/revisions\/26843"}],"wp:featuredmedia":[{"embeddable":true,"href":"https:\/\/www.jimmys.vn\/vi\/wp-json\/wp\/v2\/media\/8437"}],"wp:attachment":[{"href":"https:\/\/www.jimmys.vn\/vi\/wp-json\/wp\/v2\/media?parent=4596"}],"wp:term":[{"taxonomy":"product_cat","embeddable":true,"href":"https:\/\/www.jimmys.vn\/vi\/wp-json\/wp\/v2\/product_cat?post=4596"},{"taxonomy":"product_tag","embeddable":true,"href":"https:\/\/www.jimmys.vn\/vi\/wp-json\/wp\/v2\/product_tag?post=4596"}],"curies":[{"name":"wp","href":"https:\/\/api.w.org\/{rel}","templated":true}]}}