{"id":4595,"date":"2021-07-01T10:50:08","date_gmt":"2021-07-01T03:50:08","guid":{"rendered":"https:\/\/34.87.99.63\/?post_type=product&#038;p=4595"},"modified":"2026-01-16T22:33:04","modified_gmt":"2026-01-16T15:33:04","slug":"chocolate-chip-cookie","status":"publish","type":"product","link":"https:\/\/www.jimmys.vn\/vi\/san-pham\/chocolate-chip-cookie\/","title":{"rendered":"S\u00f4 c\u00f4 la chip cookie"},"content":{"rendered":"<p style=\"text-align: center;\">Made in-house. A whopping 7 inch\/18cm cookie made with lots of chocolate chips and walnuts<\/p>","protected":false},"excerpt":{"rendered":"<p style=\"text-align: center;\">Cookie nh\u00e0 l\u00e0m, k\u00edch th\u01b0\u1edbc 7 inch\/18cm, k\u1ebft h\u1ee3p gi\u1eefa s\u00f4 c\u00f4 la h\u1ea1t v\u00e0 qu\u1ea3 \u00f3c ch\u00f3<\/p>","protected":false},"featured_media":8436,"comment_status":"open","ping_status":"closed","template":"","meta":{"wds_primary_product_cat":0},"product_cat":[28],"product_tag":[],"class_list":{"0":"post-4595","1":"product","2":"type-product","3":"status-publish","4":"has-post-thumbnail","6":"product_cat-desserts","8":"first","9":"instock","10":"taxable","11":"shipping-taxable","12":"purchasable","13":"product-type-simple"},"_links":{"self":[{"href":"https:\/\/www.jimmys.vn\/vi\/wp-json\/wp\/v2\/product\/4595"}],"collection":[{"href":"https:\/\/www.jimmys.vn\/vi\/wp-json\/wp\/v2\/product"}],"about":[{"href":"https:\/\/www.jimmys.vn\/vi\/wp-json\/wp\/v2\/types\/product"}],"replies":[{"embeddable":true,"href":"https:\/\/www.jimmys.vn\/vi\/wp-json\/wp\/v2\/comments?post=4595"}],"version-history":[{"count":0,"href":"https:\/\/www.jimmys.vn\/vi\/wp-json\/wp\/v2\/product\/4595\/revisions"}],"wp:featuredmedia":[{"embeddable":true,"href":"https:\/\/www.jimmys.vn\/vi\/wp-json\/wp\/v2\/media\/8436"}],"wp:attachment":[{"href":"https:\/\/www.jimmys.vn\/vi\/wp-json\/wp\/v2\/media?parent=4595"}],"wp:term":[{"taxonomy":"product_cat","embeddable":true,"href":"https:\/\/www.jimmys.vn\/vi\/wp-json\/wp\/v2\/product_cat?post=4595"},{"taxonomy":"product_tag","embeddable":true,"href":"https:\/\/www.jimmys.vn\/vi\/wp-json\/wp\/v2\/product_tag?post=4595"}],"curies":[{"name":"wp","href":"https:\/\/api.w.org\/{rel}","templated":true}]}}