{"id":4518,"date":"2021-06-29T10:26:06","date_gmt":"2021-06-29T03:26:06","guid":{"rendered":"https:\/\/34.87.99.63\/?post_type=product&#038;p=4518"},"modified":"2025-01-27T15:06:39","modified_gmt":"2025-01-27T08:06:39","slug":"inferno","status":"publish","type":"product","link":"https:\/\/www.jimmys.vn\/vi\/san-pham\/inferno\/","title":{"rendered":"Inferno"},"content":{"rendered":"<p style=\"text-align: center;\">Bao g\u1ed3m x\u00fac x\u00edch kh\u00f4, x\u00fac x\u00edch, n\u1ea5m, oliu \u0111en, \u1edbt t\u01b0\u01a1i, \u1edbt kh\u00f4, d\u1ea7u \u1edbt<\/p>\n<p style=\"text-align: left;\">","protected":false},"excerpt":{"rendered":"<p style=\"text-align: center;\">Bao g\u1ed3m x\u00fac x\u00edch kh\u00f4, x\u00fac x\u00edch, n\u1ea5m, oliu \u0111en, \u1edbt t\u01b0\u01a1i, \u1edbt kh\u00f4, d\u1ea7u \u1edbt<\/p>","protected":false},"featured_media":29605,"comment_status":"closed","ping_status":"closed","template":"","meta":{"wds_primary_product_cat":0},"product_cat":[32],"product_tag":[],"class_list":{"0":"post-4518","1":"product","2":"type-product","3":"status-publish","4":"has-post-thumbnail","6":"product_cat-pizza","7":"pa_choose-size-large","8":"pa_choose-size-regular","9":"pa_choose-size-personal","11":"first","12":"instock","13":"taxable","14":"shipping-taxable","15":"purchasable","16":"product-type-variable","17":"has-default-attributes"},"_links":{"self":[{"href":"https:\/\/www.jimmys.vn\/vi\/wp-json\/wp\/v2\/product\/4518"}],"collection":[{"href":"https:\/\/www.jimmys.vn\/vi\/wp-json\/wp\/v2\/product"}],"about":[{"href":"https:\/\/www.jimmys.vn\/vi\/wp-json\/wp\/v2\/types\/product"}],"replies":[{"embeddable":true,"href":"https:\/\/www.jimmys.vn\/vi\/wp-json\/wp\/v2\/comments?post=4518"}],"version-history":[{"count":3,"href":"https:\/\/www.jimmys.vn\/vi\/wp-json\/wp\/v2\/product\/4518\/revisions"}],"predecessor-version":[{"id":8040,"href":"https:\/\/www.jimmys.vn\/vi\/wp-json\/wp\/v2\/product\/4518\/revisions\/8040"}],"wp:featuredmedia":[{"embeddable":true,"href":"https:\/\/www.jimmys.vn\/vi\/wp-json\/wp\/v2\/media\/29605"}],"wp:attachment":[{"href":"https:\/\/www.jimmys.vn\/vi\/wp-json\/wp\/v2\/media?parent=4518"}],"wp:term":[{"taxonomy":"product_cat","embeddable":true,"href":"https:\/\/www.jimmys.vn\/vi\/wp-json\/wp\/v2\/product_cat?post=4518"},{"taxonomy":"product_tag","embeddable":true,"href":"https:\/\/www.jimmys.vn\/vi\/wp-json\/wp\/v2\/product_tag?post=4518"}],"curies":[{"name":"wp","href":"https:\/\/api.w.org\/{rel}","templated":true}]}}