{"id":4301,"date":"2021-03-24T12:59:49","date_gmt":"2021-03-24T05:59:49","guid":{"rendered":"https:\/\/34.87.99.63\/?post_type=product&#038;p=4301"},"modified":"2025-01-27T15:38:11","modified_gmt":"2025-01-27T08:38:11","slug":"hawaiian","status":"publish","type":"product","link":"https:\/\/www.jimmys.vn\/vi\/san-pham\/hawaiian\/","title":{"rendered":"Pizza Hawaiian"},"content":{"rendered":"<p style=\"text-align: center;\">Pizza Hawaiian c\u1ed5 \u0111i\u1ec3n \u0111\u01b0\u1ee3c l\u00e0m t\u1eeb gi\u0103m b\u00f4ng, ba r\u1ecdi x\u00f4ng kh\u00f3i v\u00e0 qu\u1ea3 d\u1ee9a t\u01b0\u01a1i<\/p>","protected":false},"excerpt":{"rendered":"<p style=\"text-align: center;\">Pizza Hawaii v\u1edbi th\u1ecbt ngu\u1ed9i, th\u1ecbt x\u00f4ng kh\u00f3i v\u00e0 d\u1ee9a t\u01b0\u01a1i<\/p>","protected":false},"featured_media":29612,"comment_status":"closed","ping_status":"closed","template":"","meta":{"wds_primary_product_cat":0},"product_cat":[32],"product_tag":[],"class_list":{"0":"post-4301","1":"product","2":"type-product","3":"status-publish","4":"has-post-thumbnail","6":"product_cat-pizza","7":"pa_choose-size-large","8":"pa_choose-size-regular","9":"pa_choose-size-personal","11":"first","12":"instock","13":"featured","14":"taxable","15":"shipping-taxable","16":"purchasable","17":"product-type-variable","18":"has-default-attributes"},"_links":{"self":[{"href":"https:\/\/www.jimmys.vn\/vi\/wp-json\/wp\/v2\/product\/4301"}],"collection":[{"href":"https:\/\/www.jimmys.vn\/vi\/wp-json\/wp\/v2\/product"}],"about":[{"href":"https:\/\/www.jimmys.vn\/vi\/wp-json\/wp\/v2\/types\/product"}],"replies":[{"embeddable":true,"href":"https:\/\/www.jimmys.vn\/vi\/wp-json\/wp\/v2\/comments?post=4301"}],"version-history":[{"count":3,"href":"https:\/\/www.jimmys.vn\/vi\/wp-json\/wp\/v2\/product\/4301\/revisions"}],"predecessor-version":[{"id":8212,"href":"https:\/\/www.jimmys.vn\/vi\/wp-json\/wp\/v2\/product\/4301\/revisions\/8212"}],"wp:featuredmedia":[{"embeddable":true,"href":"https:\/\/www.jimmys.vn\/vi\/wp-json\/wp\/v2\/media\/29612"}],"wp:attachment":[{"href":"https:\/\/www.jimmys.vn\/vi\/wp-json\/wp\/v2\/media?parent=4301"}],"wp:term":[{"taxonomy":"product_cat","embeddable":true,"href":"https:\/\/www.jimmys.vn\/vi\/wp-json\/wp\/v2\/product_cat?post=4301"},{"taxonomy":"product_tag","embeddable":true,"href":"https:\/\/www.jimmys.vn\/vi\/wp-json\/wp\/v2\/product_tag?post=4301"}],"curies":[{"name":"wp","href":"https:\/\/api.w.org\/{rel}","templated":true}]}}