{"id":4272,"date":"2021-03-24T12:50:12","date_gmt":"2021-03-24T05:50:12","guid":{"rendered":"https:\/\/34.87.99.63\/?post_type=product&#038;p=4272"},"modified":"2025-01-27T15:44:38","modified_gmt":"2025-01-27T08:44:38","slug":"4-meat-pizza","status":"publish","type":"product","link":"https:\/\/www.jimmys.vn\/vi\/san-pham\/4-meat-pizza\/","title":{"rendered":"Pizza 4 lo\u1ea1i th\u1ecbt"},"content":{"rendered":"<p style=\"text-align: center;\">Th\u1ecbt b\u00f2, ba r\u1ecdi x\u00f4ng kh\u00f3i, x\u00fac x\u00edch kh\u00f4 v\u00e0 x\u00fac x\u00edch. \u0110\u00e2y l\u00e0 1 trong nh\u1eefng lo\u1ea1i pizza \u0111\u01b0\u1ee3c y\u00eau th\u00edch nh\u1ea5t c\u1ee7a c\u1eeda h\u00e0ng<\/p>","protected":false},"excerpt":{"rendered":"<p style=\"text-align: center;\">Th\u1ecbt b\u00f2, ba r\u1ecdi x\u00f4ng kh\u00f3i, x\u00fac x\u00edch kh\u00f4 v\u00e0 x\u00fac x\u00edch. \u0110\u00e2y l\u00e0 1 trong nh\u1eefng lo\u1ea1i pizza \u0111\u01b0\u1ee3c y\u00eau th\u00edch nh\u1ea5t c\u1ee7a c\u1eeda h\u00e0ng<\/p>","protected":false},"featured_media":29608,"comment_status":"closed","ping_status":"closed","template":"","meta":{"wds_primary_product_cat":0},"product_cat":[32],"product_tag":[],"class_list":{"0":"post-4272","1":"product","2":"type-product","3":"status-publish","4":"has-post-thumbnail","6":"product_cat-pizza","7":"pa_choose-size-large","8":"pa_choose-size-regular","9":"pa_choose-size-personal","11":"first","12":"instock","13":"featured","14":"taxable","15":"shipping-taxable","16":"purchasable","17":"product-type-variable","18":"has-default-attributes"},"_links":{"self":[{"href":"https:\/\/www.jimmys.vn\/vi\/wp-json\/wp\/v2\/product\/4272"}],"collection":[{"href":"https:\/\/www.jimmys.vn\/vi\/wp-json\/wp\/v2\/product"}],"about":[{"href":"https:\/\/www.jimmys.vn\/vi\/wp-json\/wp\/v2\/types\/product"}],"replies":[{"embeddable":true,"href":"https:\/\/www.jimmys.vn\/vi\/wp-json\/wp\/v2\/comments?post=4272"}],"version-history":[{"count":2,"href":"https:\/\/www.jimmys.vn\/vi\/wp-json\/wp\/v2\/product\/4272\/revisions"}],"predecessor-version":[{"id":8214,"href":"https:\/\/www.jimmys.vn\/vi\/wp-json\/wp\/v2\/product\/4272\/revisions\/8214"}],"wp:featuredmedia":[{"embeddable":true,"href":"https:\/\/www.jimmys.vn\/vi\/wp-json\/wp\/v2\/media\/29608"}],"wp:attachment":[{"href":"https:\/\/www.jimmys.vn\/vi\/wp-json\/wp\/v2\/media?parent=4272"}],"wp:term":[{"taxonomy":"product_cat","embeddable":true,"href":"https:\/\/www.jimmys.vn\/vi\/wp-json\/wp\/v2\/product_cat?post=4272"},{"taxonomy":"product_tag","embeddable":true,"href":"https:\/\/www.jimmys.vn\/vi\/wp-json\/wp\/v2\/product_tag?post=4272"}],"curies":[{"name":"wp","href":"https:\/\/api.w.org\/{rel}","templated":true}]}}