{"id":4266,"date":"2021-03-24T12:47:46","date_gmt":"2021-03-24T05:47:46","guid":{"rendered":"https:\/\/34.87.99.63\/?post_type=product&#038;p=4266"},"modified":"2025-01-27T15:46:24","modified_gmt":"2025-01-27T08:46:24","slug":"pepperoni-and-sausage-pizza","status":"publish","type":"product","link":"https:\/\/www.jimmys.vn\/vi\/san-pham\/pepperoni-and-sausage-pizza\/","title":{"rendered":"Pizza X\u00fac x\u00edch kh\u00f4 &amp; X\u00fac x\u00edch"},"content":{"rendered":"<p style=\"text-align: center;\">S\u1ef1 k\u1ebft h\u1ee3p \u0111\u1ed9c \u0111\u00e1o tuy\u1ec7t v\u1eddi gi\u1eefa v\u1ecb x\u00f4ng kh\u00f3i v\u00e0 v\u1ecb cay<\/p>","protected":false},"excerpt":{"rendered":"<p style=\"text-align: center;\">S\u1ef1 k\u1ebft h\u1ee3p \u0111\u1ed9c \u0111\u00e1o tuy\u1ec7t v\u1eddi gi\u1eefa v\u1ecb x\u00f4ng kh\u00f3i v\u00e0 v\u1ecb cay<\/p>","protected":false},"featured_media":29613,"comment_status":"closed","ping_status":"closed","template":"","meta":{"wds_primary_product_cat":0},"product_cat":[32],"product_tag":[],"class_list":{"0":"post-4266","1":"product","2":"type-product","3":"status-publish","4":"has-post-thumbnail","6":"product_cat-pizza","7":"pa_choose-size-personal","8":"pa_choose-size-regular","9":"pa_choose-size-large","11":"first","12":"instock","13":"featured","14":"taxable","15":"shipping-taxable","16":"purchasable","17":"product-type-variable","18":"has-default-attributes"},"_links":{"self":[{"href":"https:\/\/www.jimmys.vn\/vi\/wp-json\/wp\/v2\/product\/4266"}],"collection":[{"href":"https:\/\/www.jimmys.vn\/vi\/wp-json\/wp\/v2\/product"}],"about":[{"href":"https:\/\/www.jimmys.vn\/vi\/wp-json\/wp\/v2\/types\/product"}],"replies":[{"embeddable":true,"href":"https:\/\/www.jimmys.vn\/vi\/wp-json\/wp\/v2\/comments?post=4266"}],"version-history":[{"count":2,"href":"https:\/\/www.jimmys.vn\/vi\/wp-json\/wp\/v2\/product\/4266\/revisions"}],"predecessor-version":[{"id":8213,"href":"https:\/\/www.jimmys.vn\/vi\/wp-json\/wp\/v2\/product\/4266\/revisions\/8213"}],"wp:featuredmedia":[{"embeddable":true,"href":"https:\/\/www.jimmys.vn\/vi\/wp-json\/wp\/v2\/media\/29613"}],"wp:attachment":[{"href":"https:\/\/www.jimmys.vn\/vi\/wp-json\/wp\/v2\/media?parent=4266"}],"wp:term":[{"taxonomy":"product_cat","embeddable":true,"href":"https:\/\/www.jimmys.vn\/vi\/wp-json\/wp\/v2\/product_cat?post=4266"},{"taxonomy":"product_tag","embeddable":true,"href":"https:\/\/www.jimmys.vn\/vi\/wp-json\/wp\/v2\/product_tag?post=4266"}],"curies":[{"name":"wp","href":"https:\/\/api.w.org\/{rel}","templated":true}]}}