{"id":4254,"date":"2021-03-24T12:36:50","date_gmt":"2021-03-24T05:36:50","guid":{"rendered":"https:\/\/34.87.99.63\/?post_type=product&#038;p=4254"},"modified":"2025-01-27T15:47:51","modified_gmt":"2025-01-27T08:47:51","slug":"pepperoni","status":"publish","type":"product","link":"https:\/\/www.jimmys.vn\/vi\/san-pham\/pepperoni\/","title":{"rendered":"Pizza X\u00fac x\u00edch"},"content":{"rendered":"","protected":false},"excerpt":{"rendered":"<p style=\"text-align: center;\">\u0110\u01b0\u1ee3c l\u00e0m t\u1eeb x\u00fac x\u00edch nh\u00e0 l\u00e0m th\u01a1m ngon<\/p>","protected":false},"featured_media":29603,"comment_status":"closed","ping_status":"closed","template":"","meta":{"wds_primary_product_cat":0},"product_cat":[32],"product_tag":[],"class_list":{"0":"post-4254","1":"product","2":"type-product","3":"status-publish","4":"has-post-thumbnail","6":"product_cat-pizza","7":"pa_choose-size-large","8":"pa_choose-size-regular","9":"pa_choose-size-personal","11":"first","12":"instock","13":"featured","14":"taxable","15":"shipping-taxable","16":"purchasable","17":"product-type-variable","18":"has-default-attributes"},"_links":{"self":[{"href":"https:\/\/www.jimmys.vn\/vi\/wp-json\/wp\/v2\/product\/4254"}],"collection":[{"href":"https:\/\/www.jimmys.vn\/vi\/wp-json\/wp\/v2\/product"}],"about":[{"href":"https:\/\/www.jimmys.vn\/vi\/wp-json\/wp\/v2\/types\/product"}],"replies":[{"embeddable":true,"href":"https:\/\/www.jimmys.vn\/vi\/wp-json\/wp\/v2\/comments?post=4254"}],"version-history":[{"count":4,"href":"https:\/\/www.jimmys.vn\/vi\/wp-json\/wp\/v2\/product\/4254\/revisions"}],"predecessor-version":[{"id":26925,"href":"https:\/\/www.jimmys.vn\/vi\/wp-json\/wp\/v2\/product\/4254\/revisions\/26925"}],"wp:featuredmedia":[{"embeddable":true,"href":"https:\/\/www.jimmys.vn\/vi\/wp-json\/wp\/v2\/media\/29603"}],"wp:attachment":[{"href":"https:\/\/www.jimmys.vn\/vi\/wp-json\/wp\/v2\/media?parent=4254"}],"wp:term":[{"taxonomy":"product_cat","embeddable":true,"href":"https:\/\/www.jimmys.vn\/vi\/wp-json\/wp\/v2\/product_cat?post=4254"},{"taxonomy":"product_tag","embeddable":true,"href":"https:\/\/www.jimmys.vn\/vi\/wp-json\/wp\/v2\/product_tag?post=4254"}],"curies":[{"name":"wp","href":"https:\/\/api.w.org\/{rel}","templated":true}]}}