{"id":5379,"date":"2021-08-11T12:43:51","date_gmt":"2021-08-11T05:43:51","guid":{"rendered":"https:\/\/34.87.99.63\/?page_id=5379"},"modified":"2024-01-16T19:10:56","modified_gmt":"2024-01-16T12:10:56","slug":"desserts","status":"publish","type":"page","link":"https:\/\/www.jimmys.vn\/vi\/desserts\/","title":{"rendered":"Tr\u00e1ng mi\u1ec7ng"},"content":{"rendered":"<div class=\"wpb-content-wrapper\"><div class=\"vc_row wpb_row vc_row-fluid vc_custom_1628607945948\">\r\n    <div class=\"wpb_column vc_column_container vc_col-sm-12\"><div class=\"vc_column-inner\"><div class=\"wpb_wrapper\"><div class=\"woocommerce columns-4 \"><div class=\"prod_hold lafka-prodhover-zoom lafka-buttons-on-hover product type-product post-4593 status-publish first instock product_cat-desserts has-post-thumbnail taxable shipping-taxable purchasable product-type-simple\">\r\n\r\n\t<div class=\"image\">\r\n        <a href=\"https:\/\/www.jimmys.vn\/vi\/san-pham\/carrot-cake\/\">\r\n\t\t\t<img fetchpriority=\"high\" decoding=\"async\" width=\"300\" height=\"300\" src=\"https:\/\/www.jimmys.vn\/wp-content\/uploads\/2021\/07\/1da6c44ed5077d592416-300x300.jpg\" class=\"attachment-woocommerce_thumbnail size-woocommerce_thumbnail\" alt=\"Carrot Cake\" srcset=\"https:\/\/www.jimmys.vn\/wp-content\/uploads\/2021\/07\/1da6c44ed5077d592416-300x300.jpg 300w, https:\/\/www.jimmys.vn\/wp-content\/uploads\/2021\/07\/1da6c44ed5077d592416-150x150.jpg 150w, https:\/\/www.jimmys.vn\/wp-content\/uploads\/2021\/07\/1da6c44ed5077d592416-640x640.jpg 640w, https:\/\/www.jimmys.vn\/wp-content\/uploads\/2021\/07\/1da6c44ed5077d592416-100x100.jpg 100w, https:\/\/www.jimmys.vn\/wp-content\/uploads\/2021\/07\/1da6c44ed5077d592416-60x60.jpg 60w\" sizes=\"(max-width: 300px) 100vw, 300px\" \/>\t\t\t        <\/a>\r\n\t\t<\/div>\t<div class=\"lafka-list-prod-summary\">\r\n\t\t<a class=\"wrap_link\" href=\"https:\/\/www.jimmys.vn\/vi\/san-pham\/carrot-cake\/\">\r\n\t\t\t<span class=\"name\">\r\n    \t\t\tCarrot Cake\t\t\t<\/span>\r\n\t\t<\/a>\r\n\t\t\t\t\t<div class=\"woocommerce-product-details__short-description\">\n\t<p style=\"text-align: center;\">Made in-house. Classic double layer carrot cake with cinnamon, ginger, mixed ground spices and walnuts<\/p>\n<\/div>\n\t\t\t\t\t\t\t\r\n\t<div class=\"price_hold\"><span class=\"woocommerce-Price-amount amount\">79,000<span class=\"woocommerce-Price-currencySymbol\">VND<\/span><\/span><\/div>\r\n\t\t        <!-- Small countdown -->\r\n\t\t\t<\/div>\r\n\t\r\n\t<div class=\"links\"><a href=\"?add-to-cart=4593\" aria-describedby=\"woocommerce_loop_add_to_cart_link_describedby_4593\" data-quantity=\"1\" class=\"button product_type_simple add_to_cart_button ajax_add_to_cart\" title=\"Th\u00eam v\u00e0o gi\u1ecf h\u00e0ng\" data-product_id=\"4593\" data-product_sku=\"\" aria-label=\"Th\u00eam v\u00e0o gi\u1ecf h\u00e0ng: &ldquo;Carrot Cake&rdquo;\" rel=\"nofollow\" data-success_message=\"&ldquo;Carrot Cake&rdquo; \u0111\u00e3 \u0111\u01b0\u1ee3c th\u00eam v\u00e0o gi\u1ecf h\u00e0ng c\u1ee7a b\u1ea1n\">Th\u00eam v\u00e0o gi\u1ecf h\u00e0ng<\/a>    <span id=\"woocommerce_loop_add_to_cart_link_describedby_4593\" class=\"screen-reader-text\">\r\n            <\/span>\r\n<a href=\"#\" class=\"lafka-quick-view-link\" data-id=\"4593\" title=\"Order Now\">Order Now<\/a><\/div><span class=\"gtm4wp_productdata\" style=\"display:none; visibility:hidden;\" data-gtm4wp_product_data=\"{&quot;internal_id&quot;:4593,&quot;item_id&quot;:4593,&quot;item_name&quot;:&quot;Carrot Cake&quot;,&quot;sku&quot;:4593,&quot;price&quot;:79000,&quot;stocklevel&quot;:null,&quot;stockstatus&quot;:&quot;instock&quot;,&quot;google_business_vertical&quot;:&quot;retail&quot;,&quot;item_category&quot;:&quot;Desserts&quot;,&quot;id&quot;:4593,&quot;productlink&quot;:&quot;https:\\\/\\\/www.jimmys.vn\\\/vi\\\/san-pham\\\/carrot-cake\\\/&quot;,&quot;item_list_name&quot;:&quot;General Product List&quot;,&quot;index&quot;:1,&quot;product_type&quot;:&quot;simple&quot;,&quot;item_brand&quot;:&quot;&quot;}\"><\/span>\t\t\t<input type=\"hidden\" class=\"pmwProductId\" data-id=\"4593\">\n\t\t\t\t\t<script>\n\t\t\t(window.pmwDataLayer = window.pmwDataLayer || {}).products                = window.pmwDataLayer.products || {};\n\t\t\twindow.pmwDataLayer.products[4593] = {\"id\":\"4593\",\"sku\":\"\",\"price\":79000,\"brand\":\"\",\"quantity\":1,\"dyn_r_ids\":{\"post_id\":\"4593\",\"sku\":4593,\"gpf\":\"woocommerce_gpf_4593\",\"gla\":\"gla_4593\"},\"is_variable\":false,\"type\":\"simple\",\"name\":\"Carrot Cake\",\"category\":[\"Desserts\"],\"is_variation\":false};\n\t\t\t\t\twindow.pmw_product_position = window.pmw_product_position || 1;\n\t\twindow.pmwDataLayer.products[4593]['position'] = window.pmw_product_position++;\n\t\t\t\t<\/script>\n\t\t\r\n<\/div><div class=\"prod_hold lafka-prodhover-zoom lafka-buttons-on-hover product type-product post-4596 status-publish instock product_cat-desserts has-post-thumbnail taxable shipping-taxable purchasable product-type-simple\">\r\n\r\n\t<div class=\"image\">\r\n        <a href=\"https:\/\/www.jimmys.vn\/vi\/san-pham\/chocolate-brownie\/\">\r\n\t\t\t<img decoding=\"async\" width=\"300\" height=\"300\" src=\"https:\/\/www.jimmys.vn\/wp-content\/uploads\/2021\/07\/brownie-300x300.jpg\" class=\"attachment-woocommerce_thumbnail size-woocommerce_thumbnail\" alt=\"\" srcset=\"https:\/\/www.jimmys.vn\/wp-content\/uploads\/2021\/07\/brownie-300x300.jpg 300w, https:\/\/www.jimmys.vn\/wp-content\/uploads\/2021\/07\/brownie-150x150.jpg 150w, https:\/\/www.jimmys.vn\/wp-content\/uploads\/2021\/07\/brownie-640x640.jpg 640w, https:\/\/www.jimmys.vn\/wp-content\/uploads\/2021\/07\/brownie-100x100.jpg 100w, https:\/\/www.jimmys.vn\/wp-content\/uploads\/2021\/07\/brownie-60x60.jpg 60w\" sizes=\"(max-width: 300px) 100vw, 300px\" \/>\t\t\t        <\/a>\r\n\t\t<\/div>\t<div class=\"lafka-list-prod-summary\">\r\n\t\t<a class=\"wrap_link\" href=\"https:\/\/www.jimmys.vn\/vi\/san-pham\/chocolate-brownie\/\">\r\n\t\t\t<span class=\"name\">\r\n    \t\t\tChocolate Brownie\t\t\t<\/span>\r\n\t\t<\/a>\r\n\t\t\t\t\t<div class=\"woocommerce-product-details__short-description\">\n\t<p style=\"text-align: center;\">Made in-house. Moist and delicious chocolate brownie with walnuts<\/p>\n<\/div>\n\t\t\t\t\t\t\t\r\n\t<div class=\"price_hold\"><span class=\"woocommerce-Price-amount amount\">79,000<span class=\"woocommerce-Price-currencySymbol\">VND<\/span><\/span><\/div>\r\n\t\t        <!-- Small countdown -->\r\n\t\t\t<\/div>\r\n\t\r\n\t<div class=\"links\"><a href=\"?add-to-cart=4596\" aria-describedby=\"woocommerce_loop_add_to_cart_link_describedby_4596\" data-quantity=\"1\" class=\"button product_type_simple add_to_cart_button ajax_add_to_cart\" title=\"Th\u00eam v\u00e0o gi\u1ecf h\u00e0ng\" data-product_id=\"4596\" data-product_sku=\"\" aria-label=\"Th\u00eam v\u00e0o gi\u1ecf h\u00e0ng: &ldquo;Chocolate Brownie&rdquo;\" rel=\"nofollow\" data-success_message=\"&ldquo;Chocolate Brownie&rdquo; \u0111\u00e3 \u0111\u01b0\u1ee3c th\u00eam v\u00e0o gi\u1ecf h\u00e0ng c\u1ee7a b\u1ea1n\">Th\u00eam v\u00e0o gi\u1ecf h\u00e0ng<\/a>    <span id=\"woocommerce_loop_add_to_cart_link_describedby_4596\" class=\"screen-reader-text\">\r\n            <\/span>\r\n<a href=\"#\" class=\"lafka-quick-view-link\" data-id=\"4596\" title=\"Order Now\">Order Now<\/a><\/div><span class=\"gtm4wp_productdata\" style=\"display:none; visibility:hidden;\" data-gtm4wp_product_data=\"{&quot;internal_id&quot;:4596,&quot;item_id&quot;:4596,&quot;item_name&quot;:&quot;Chocolate Brownie&quot;,&quot;sku&quot;:4596,&quot;price&quot;:79000,&quot;stocklevel&quot;:null,&quot;stockstatus&quot;:&quot;instock&quot;,&quot;google_business_vertical&quot;:&quot;retail&quot;,&quot;item_category&quot;:&quot;Desserts&quot;,&quot;id&quot;:4596,&quot;productlink&quot;:&quot;https:\\\/\\\/www.jimmys.vn\\\/vi\\\/san-pham\\\/chocolate-brownie\\\/&quot;,&quot;item_list_name&quot;:&quot;General Product List&quot;,&quot;index&quot;:2,&quot;product_type&quot;:&quot;simple&quot;,&quot;item_brand&quot;:&quot;&quot;}\"><\/span>\t\t\t<input type=\"hidden\" class=\"pmwProductId\" data-id=\"4596\">\n\t\t\t\t\t<script>\n\t\t\t(window.pmwDataLayer = window.pmwDataLayer || {}).products                = window.pmwDataLayer.products || {};\n\t\t\twindow.pmwDataLayer.products[4596] = {\"id\":\"4596\",\"sku\":\"\",\"price\":79000,\"brand\":\"\",\"quantity\":1,\"dyn_r_ids\":{\"post_id\":\"4596\",\"sku\":4596,\"gpf\":\"woocommerce_gpf_4596\",\"gla\":\"gla_4596\"},\"is_variable\":false,\"type\":\"simple\",\"name\":\"Chocolate Brownie\",\"category\":[\"Desserts\"],\"is_variation\":false};\n\t\t\t\t\twindow.pmw_product_position = window.pmw_product_position || 1;\n\t\twindow.pmwDataLayer.products[4596]['position'] = window.pmw_product_position++;\n\t\t\t\t<\/script>\n\t\t\r\n<\/div><div class=\"prod_hold lafka-prodhover-zoom lafka-buttons-on-hover product type-product post-4595 status-publish instock product_cat-desserts has-post-thumbnail taxable shipping-taxable purchasable product-type-simple\">\r\n\r\n\t<div class=\"image\">\r\n        <a href=\"https:\/\/www.jimmys.vn\/vi\/san-pham\/chocolate-chip-cookie\/\">\r\n\t\t\t<img decoding=\"async\" width=\"300\" height=\"300\" src=\"https:\/\/www.jimmys.vn\/wp-content\/uploads\/2021\/07\/cookie-300x300.jpg\" class=\"attachment-woocommerce_thumbnail size-woocommerce_thumbnail\" alt=\"\" srcset=\"https:\/\/www.jimmys.vn\/wp-content\/uploads\/2021\/07\/cookie-300x300.jpg 300w, https:\/\/www.jimmys.vn\/wp-content\/uploads\/2021\/07\/cookie-150x150.jpg 150w, https:\/\/www.jimmys.vn\/wp-content\/uploads\/2021\/07\/cookie-640x640.jpg 640w, https:\/\/www.jimmys.vn\/wp-content\/uploads\/2021\/07\/cookie-100x100.jpg 100w, https:\/\/www.jimmys.vn\/wp-content\/uploads\/2021\/07\/cookie-60x60.jpg 60w\" sizes=\"(max-width: 300px) 100vw, 300px\" \/>\t\t\t        <\/a>\r\n\t\t<\/div>\t<div class=\"lafka-list-prod-summary\">\r\n\t\t<a class=\"wrap_link\" href=\"https:\/\/www.jimmys.vn\/vi\/san-pham\/chocolate-chip-cookie\/\">\r\n\t\t\t<span class=\"name\">\r\n    \t\t\tChocolate Chip Cookie\t\t\t<\/span>\r\n\t\t<\/a>\r\n\t\t\t\t\t<div class=\"woocommerce-product-details__short-description\">\n\t<p style=\"text-align: center;\">Made in-house. A whopping 7 inch \/ 18cm cookie made with lots of chocolate chips and walnuts<\/p>\n<\/div>\n\t\t\t\t\t\t\t\r\n\t<div class=\"price_hold\"><span class=\"woocommerce-Price-amount amount\">79,000<span class=\"woocommerce-Price-currencySymbol\">VND<\/span><\/span><\/div>\r\n\t\t        <!-- Small countdown -->\r\n\t\t\t<\/div>\r\n\t\r\n\t<div class=\"links\"><a href=\"?add-to-cart=4595\" aria-describedby=\"woocommerce_loop_add_to_cart_link_describedby_4595\" data-quantity=\"1\" class=\"button product_type_simple add_to_cart_button ajax_add_to_cart\" title=\"Th\u00eam v\u00e0o gi\u1ecf h\u00e0ng\" data-product_id=\"4595\" data-product_sku=\"\" aria-label=\"Th\u00eam v\u00e0o gi\u1ecf h\u00e0ng: &ldquo;Chocolate Chip Cookie&rdquo;\" rel=\"nofollow\" data-success_message=\"&ldquo;Chocolate Chip Cookie&rdquo; \u0111\u00e3 \u0111\u01b0\u1ee3c th\u00eam v\u00e0o gi\u1ecf h\u00e0ng c\u1ee7a b\u1ea1n\">Th\u00eam v\u00e0o gi\u1ecf h\u00e0ng<\/a>    <span id=\"woocommerce_loop_add_to_cart_link_describedby_4595\" class=\"screen-reader-text\">\r\n            <\/span>\r\n<a href=\"#\" class=\"lafka-quick-view-link\" data-id=\"4595\" title=\"Order Now\">Order Now<\/a><\/div><span class=\"gtm4wp_productdata\" style=\"display:none; visibility:hidden;\" data-gtm4wp_product_data=\"{&quot;internal_id&quot;:4595,&quot;item_id&quot;:4595,&quot;item_name&quot;:&quot;Chocolate Chip Cookie&quot;,&quot;sku&quot;:4595,&quot;price&quot;:79000,&quot;stocklevel&quot;:null,&quot;stockstatus&quot;:&quot;instock&quot;,&quot;google_business_vertical&quot;:&quot;retail&quot;,&quot;item_category&quot;:&quot;Desserts&quot;,&quot;id&quot;:4595,&quot;productlink&quot;:&quot;https:\\\/\\\/www.jimmys.vn\\\/vi\\\/san-pham\\\/chocolate-chip-cookie\\\/&quot;,&quot;item_list_name&quot;:&quot;General Product List&quot;,&quot;index&quot;:3,&quot;product_type&quot;:&quot;simple&quot;,&quot;item_brand&quot;:&quot;&quot;}\"><\/span>\t\t\t<input type=\"hidden\" class=\"pmwProductId\" data-id=\"4595\">\n\t\t\t\t\t<script>\n\t\t\t(window.pmwDataLayer = window.pmwDataLayer || {}).products                = window.pmwDataLayer.products || {};\n\t\t\twindow.pmwDataLayer.products[4595] = {\"id\":\"4595\",\"sku\":\"\",\"price\":79000,\"brand\":\"\",\"quantity\":1,\"dyn_r_ids\":{\"post_id\":\"4595\",\"sku\":4595,\"gpf\":\"woocommerce_gpf_4595\",\"gla\":\"gla_4595\"},\"is_variable\":false,\"type\":\"simple\",\"name\":\"Chocolate Chip Cookie\",\"category\":[\"Desserts\"],\"is_variation\":false};\n\t\t\t\t\twindow.pmw_product_position = window.pmw_product_position || 1;\n\t\twindow.pmwDataLayer.products[4595]['position'] = window.pmw_product_position++;\n\t\t\t\t<\/script>\n\t\t\r\n<\/div><div class=\"prod_hold lafka-prodhover-zoom lafka-buttons-on-hover product type-product post-26899 status-publish last instock product_cat-desserts product_tag-dessert has-post-thumbnail taxable shipping-taxable purchasable product-type-simple\">\r\n\r\n\t<div class=\"image\">\r\n        <a href=\"https:\/\/www.jimmys.vn\/vi\/san-pham\/new-york-cheesecake\/\">\r\n\t\t\t<img loading=\"lazy\" decoding=\"async\" width=\"300\" height=\"300\" src=\"https:\/\/www.jimmys.vn\/wp-content\/uploads\/2024\/01\/NY-Cheesecake-300x300.jpg\" class=\"attachment-woocommerce_thumbnail size-woocommerce_thumbnail\" alt=\"\" srcset=\"https:\/\/www.jimmys.vn\/wp-content\/uploads\/2024\/01\/NY-Cheesecake-300x300.jpg 300w, https:\/\/www.jimmys.vn\/wp-content\/uploads\/2024\/01\/NY-Cheesecake-150x150.jpg 150w, https:\/\/www.jimmys.vn\/wp-content\/uploads\/2024\/01\/NY-Cheesecake-768x768.jpg 768w, https:\/\/www.jimmys.vn\/wp-content\/uploads\/2024\/01\/NY-Cheesecake-12x12.jpg 12w, https:\/\/www.jimmys.vn\/wp-content\/uploads\/2024\/01\/NY-Cheesecake-640x640.jpg 640w, https:\/\/www.jimmys.vn\/wp-content\/uploads\/2024\/01\/NY-Cheesecake-100x100.jpg 100w, https:\/\/www.jimmys.vn\/wp-content\/uploads\/2024\/01\/NY-Cheesecake-60x60.jpg 60w, https:\/\/www.jimmys.vn\/wp-content\/uploads\/2024\/01\/NY-Cheesecake-600x600.jpg 600w, https:\/\/www.jimmys.vn\/wp-content\/uploads\/2024\/01\/NY-Cheesecake.jpg 1024w\" sizes=\"(max-width: 300px) 100vw, 300px\" \/>\t\t\t        <\/a>\r\n\t\t<\/div>\t<div class=\"lafka-list-prod-summary\">\r\n\t\t<a class=\"wrap_link\" href=\"https:\/\/www.jimmys.vn\/vi\/san-pham\/new-york-cheesecake\/\">\r\n\t\t\t<span class=\"name\">\r\n    \t\t\tNew York Cheesecake\t\t\t<\/span>\r\n\t\t<\/a>\r\n\t\t\t\t\t<div class=\"woocommerce-product-details__short-description\">\n\t<p style=\"text-align: center;\">This authentic creamy dessert will add a taste of\u00a0<em>New York<\/em> to any dining table. Our New York-style baked <em>cheesecake<\/em> recipe makes an easy family dessert.<\/p>\n<\/div>\n\t\t\t\t\t\t\t\r\n\t<div class=\"price_hold\"><span class=\"woocommerce-Price-amount amount\">99,000<span class=\"woocommerce-Price-currencySymbol\">VND<\/span><\/span><\/div>\r\n\t\t        <!-- Small countdown -->\r\n\t\t\t<\/div>\r\n\t\r\n\t<div class=\"links\"><a href=\"?add-to-cart=26899\" aria-describedby=\"woocommerce_loop_add_to_cart_link_describedby_26899\" data-quantity=\"1\" class=\"button product_type_simple add_to_cart_button ajax_add_to_cart\" title=\"Th\u00eam v\u00e0o gi\u1ecf h\u00e0ng\" data-product_id=\"26899\" data-product_sku=\"\" aria-label=\"Th\u00eam v\u00e0o gi\u1ecf h\u00e0ng: &ldquo;New York Cheesecake&rdquo;\" rel=\"nofollow\" data-success_message=\"&ldquo;New York Cheesecake&rdquo; \u0111\u00e3 \u0111\u01b0\u1ee3c th\u00eam v\u00e0o gi\u1ecf h\u00e0ng c\u1ee7a b\u1ea1n\">Th\u00eam v\u00e0o gi\u1ecf h\u00e0ng<\/a>    <span id=\"woocommerce_loop_add_to_cart_link_describedby_26899\" class=\"screen-reader-text\">\r\n            <\/span>\r\n<a href=\"#\" class=\"lafka-quick-view-link\" data-id=\"26899\" title=\"Order Now\">Order Now<\/a><\/div><span class=\"gtm4wp_productdata\" style=\"display:none; visibility:hidden;\" data-gtm4wp_product_data=\"{&quot;internal_id&quot;:26899,&quot;item_id&quot;:26899,&quot;item_name&quot;:&quot;New York Cheesecake&quot;,&quot;sku&quot;:26899,&quot;price&quot;:99000,&quot;stocklevel&quot;:null,&quot;stockstatus&quot;:&quot;instock&quot;,&quot;google_business_vertical&quot;:&quot;retail&quot;,&quot;item_category&quot;:&quot;Desserts&quot;,&quot;id&quot;:26899,&quot;productlink&quot;:&quot;https:\\\/\\\/www.jimmys.vn\\\/vi\\\/san-pham\\\/new-york-cheesecake\\\/&quot;,&quot;item_list_name&quot;:&quot;General Product List&quot;,&quot;index&quot;:4,&quot;product_type&quot;:&quot;simple&quot;,&quot;item_brand&quot;:&quot;&quot;}\"><\/span>\t\t\t<input type=\"hidden\" class=\"pmwProductId\" data-id=\"26899\">\n\t\t\t\t\t<script>\n\t\t\t(window.pmwDataLayer = window.pmwDataLayer || {}).products                = window.pmwDataLayer.products || {};\n\t\t\twindow.pmwDataLayer.products[26899] = {\"id\":\"26899\",\"sku\":\"\",\"price\":99000,\"brand\":\"\",\"quantity\":1,\"dyn_r_ids\":{\"post_id\":\"26899\",\"sku\":26899,\"gpf\":\"woocommerce_gpf_26899\",\"gla\":\"gla_26899\"},\"is_variable\":false,\"type\":\"simple\",\"name\":\"New York Cheesecake\",\"category\":[\"Desserts\"],\"is_variation\":false};\n\t\t\t\t\twindow.pmw_product_position = window.pmw_product_position || 1;\n\t\twindow.pmwDataLayer.products[26899]['position'] = window.pmw_product_position++;\n\t\t\t\t<\/script>\n\t\t\r\n<\/div><\/div><\/div><\/div><\/div><\/div>\r\n\r\n\r\n\r\n\n<\/div>","protected":false},"excerpt":{"rendered":"Carrot Cake Made in-house. Classic double layer carrot cake with cinnamon, ginger, mixed ground spices and walnuts 79,000VND Th\u00eam v\u00e0o gi\u1ecf h\u00e0ng Order Now Chocolate Brownie Made in-house. Moist and delicious chocolate brownie with walnuts 79,000VND Th\u00eam v\u00e0o gi\u1ecf h\u00e0ng Order Now Chocolate Chip Cookie Made in-house. A whopping 7 inch \/ 18cm...<a class=\"r_more_blog\" href=\"https:\/\/www.jimmys.vn\/vi\/desserts\/#more-5379\"> continue reading<\/a>","protected":false},"author":18,"featured_media":0,"parent":0,"menu_order":0,"comment_status":"closed","ping_status":"closed","template":"","meta":{"footnotes":""},"class_list":["post-5379","page","type-page","status-publish","hentry"],"_links":{"self":[{"href":"https:\/\/www.jimmys.vn\/vi\/wp-json\/wp\/v2\/pages\/5379"}],"collection":[{"href":"https:\/\/www.jimmys.vn\/vi\/wp-json\/wp\/v2\/pages"}],"about":[{"href":"https:\/\/www.jimmys.vn\/vi\/wp-json\/wp\/v2\/types\/page"}],"author":[{"embeddable":true,"href":"https:\/\/www.jimmys.vn\/vi\/wp-json\/wp\/v2\/users\/18"}],"replies":[{"embeddable":true,"href":"https:\/\/www.jimmys.vn\/vi\/wp-json\/wp\/v2\/comments?post=5379"}],"version-history":[{"count":7,"href":"https:\/\/www.jimmys.vn\/vi\/wp-json\/wp\/v2\/pages\/5379\/revisions"}],"predecessor-version":[{"id":26906,"href":"https:\/\/www.jimmys.vn\/vi\/wp-json\/wp\/v2\/pages\/5379\/revisions\/26906"}],"wp:attachment":[{"href":"https:\/\/www.jimmys.vn\/vi\/wp-json\/wp\/v2\/media?parent=5379"}],"curies":[{"name":"wp","href":"https:\/\/api.w.org\/{rel}","templated":true}]}}